{"id":469,"date":"2024-08-07T08:02:02","date_gmt":"2024-08-07T08:02:02","guid":{"rendered":"https:\/\/vantagepoint.hu\/?page_id=469"},"modified":"2025-01-13T10:39:27","modified_gmt":"2025-01-13T10:39:27","slug":"koszonjuk-erdeklodes","status":"publish","type":"page","link":"https:\/\/vantagepoint.hu\/en\/koszonjuk-erdeklodes\/","title":{"rendered":"K\u00f6sz\u00f6nj\u00fck \u00e9rdekl\u0151d\u00e9s\u00e9t"},"content":{"rendered":"<div class=\"wp-block-cover alignfull is-light va-head-content\" style=\"min-height:394px;aspect-ratio:unset;\"><span aria-hidden=\"true\" class=\"wp-block-cover__background has-background-dim-0 has-background-dim\" style=\"background-color:#6cadac\"><\/span><img loading=\"lazy\" decoding=\"async\" width=\"1920\" height=\"394\" class=\"wp-block-cover__image-background wp-image-61\" alt=\"\" src=\"https:\/\/vantagepoint.hu\/wp-content\/uploads\/2024\/07\/fej-rolunk.webp\" data-object-fit=\"cover\" srcset=\"https:\/\/vantagepoint.hu\/wp-content\/uploads\/2024\/07\/fej-rolunk.webp 1920w, https:\/\/vantagepoint.hu\/wp-content\/uploads\/2024\/07\/fej-rolunk-300x62.webp 300w, https:\/\/vantagepoint.hu\/wp-content\/uploads\/2024\/07\/fej-rolunk-1024x210.webp 1024w, https:\/\/vantagepoint.hu\/wp-content\/uploads\/2024\/07\/fej-rolunk-768x158.webp 768w, https:\/\/vantagepoint.hu\/wp-content\/uploads\/2024\/07\/fej-rolunk-1536x315.webp 1536w\" sizes=\"auto, (max-width: 1920px) 100vw, 1920px\" \/><div class=\"wp-block-cover__inner-container has-global-padding is-layout-constrained wp-block-cover-is-layout-constrained\">\n<div class=\"wp-block-group alignfull has-global-padding is-layout-constrained wp-block-group-is-layout-constrained\">\n<div class=\"wp-block-columns alignwide is-layout-flex wp-container-core-columns-is-layout-28f84493 wp-block-columns-is-layout-flex\">\n<div class=\"wp-block-column is-vertically-aligned-top is-layout-flow wp-block-column-is-layout-flow\">\n<div class=\"wp-block-group alignwide is-vertical is-layout-flex wp-container-core-group-is-layout-fe9cc265 wp-block-group-is-layout-flex\">\n<div style=\"height:0px\" aria-hidden=\"true\" class=\"wp-block-spacer wp-container-content-40d3884b\"><\/div>\n\n\n\n<div class=\"wp-block-columns width-100 is-layout-flex wp-container-core-columns-is-layout-c72a07f7 wp-block-columns-is-layout-flex\">\n<div class=\"wp-block-column is-layout-flow wp-block-column-is-layout-flow\">\n<div class=\"wp-block-group has-global-padding is-content-justification-left is-layout-constrained wp-container-core-group-is-layout-fd1540d6 wp-block-group-is-layout-constrained\">\n<h1 class=\"wp-block-heading has-text-align-left is-style-default has-base-color has-text-color has-link-color wp-elements-5a083706aba6ccd4b6bca4e7fc4a4532\" style=\"font-style:normal;font-weight:500\">Thank you for your interest,<\/h1>\n\n\n\n<p class=\"has-text-align-left has-base-color has-text-color has-link-color wp-elements-f7191390d5e888b62f1667529280a4b8\">our colleagues will contact you soon!<\/p>\n<\/div>\n<\/div>\n\n\n\n<div class=\"wp-block-column is-vertically-aligned-bottom is-layout-flow wp-block-column-is-layout-flow\" style=\"flex-basis:341px\">\n<div class=\"wp-block-group va-head-content-slogen has-global-padding is-content-justification-right is-layout-constrained wp-container-core-group-is-layout-bdcabbee wp-block-group-is-layout-constrained\">\n<p class=\"has-text-align-center has-contrast-2-color has-text-color has-link-color has-x-large-font-size wp-elements-88fd88e27855a6372299d29dbf65716e\" style=\"font-style:normal;font-weight:700;line-height:1.1\">see beyond<br>compliance<\/p>\n<\/div>\n<\/div>\n<\/div>\n<\/div>\n<\/div>\n<\/div>\n<\/div>\n<\/div><\/div>","protected":false},"excerpt":{"rendered":"","protected":false},"author":1,"featured_media":0,"parent":0,"menu_order":0,"comment_status":"closed","ping_status":"closed","template":"","meta":{"inline_featured_image":false,"footnotes":""},"class_list":["post-469","page","type-page","status-publish","hentry"],"yoast_head":"<!-- This site is optimized with the Yoast SEO plugin v27.4 - https:\/\/yoast.com\/product\/yoast-seo-wordpress\/ -->\n<title>K\u00f6sz\u00f6nj\u00fck \u00e9rdekl\u0151d\u00e9s\u00e9t!<\/title>\n<meta name=\"description\" content=\"K\u00f6sz\u00f6nj\u00fck \u00e9rdekl\u0151d\u00e9s\u00e9t, koll\u00e9g\u00e1ink hamarosan felveszik \u00d6nnel a kapcsolatot! ESG tan\u00e1csad\u00e1s, ESG besz\u00e1mol\u00f3 \u00e9s fenntarthat\u00f3s\u00e1gi jelent\u00e9s \u00edr\u00e1s.\" \/>\n<meta name=\"robots\" content=\"index, follow, max-snippet:-1, max-image-preview:large, max-video-preview:-1\" \/>\n<link rel=\"canonical\" href=\"https:\/\/vantagepoint.hu\/en\/koszonjuk-erdeklodes\/\" \/>\n<meta property=\"og:locale\" content=\"en_GB\" \/>\n<meta property=\"og:type\" content=\"article\" \/>\n<meta property=\"og:title\" content=\"K\u00f6sz\u00f6nj\u00fck \u00e9rdekl\u0151d\u00e9s\u00e9t!\" \/>\n<meta property=\"og:description\" content=\"K\u00f6sz\u00f6nj\u00fck \u00e9rdekl\u0151d\u00e9s\u00e9t, koll\u00e9g\u00e1ink hamarosan felveszik \u00d6nnel a kapcsolatot! ESG tan\u00e1csad\u00e1s, ESG besz\u00e1mol\u00f3 \u00e9s fenntarthat\u00f3s\u00e1gi jelent\u00e9s \u00edr\u00e1s.\" \/>\n<meta property=\"og:url\" content=\"https:\/\/vantagepoint.hu\/en\/koszonjuk-erdeklodes\/\" \/>\n<meta property=\"og:site_name\" content=\"Vantage Point\" \/>\n<meta property=\"article:modified_time\" content=\"2025-01-13T10:39:27+00:00\" \/>\n<meta property=\"og:image\" content=\"https:\/\/vantagepoint.hu\/wp-content\/uploads\/2024\/07\/fej-rolunk.webp\" \/>\n\t<meta property=\"og:image:width\" content=\"1920\" \/>\n\t<meta property=\"og:image:height\" content=\"394\" \/>\n\t<meta property=\"og:image:type\" content=\"image\/webp\" \/>\n<meta name=\"twitter:card\" content=\"summary_large_image\" \/>\n<meta name=\"twitter:label1\" content=\"Estimated reading time\" \/>\n\t<meta name=\"twitter:data1\" content=\"1 minute\" \/>\n<script type=\"application\/ld+json\" class=\"yoast-schema-graph\">{\"@context\":\"https:\\\/\\\/schema.org\",\"@graph\":[{\"@type\":\"WebPage\",\"@id\":\"https:\\\/\\\/vantagepoint.hu\\\/koszonjuk-erdeklodes\\\/\",\"url\":\"https:\\\/\\\/vantagepoint.hu\\\/koszonjuk-erdeklodes\\\/\",\"name\":\"K\u00f6sz\u00f6nj\u00fck \u00e9rdekl\u0151d\u00e9s\u00e9t!\",\"isPartOf\":{\"@id\":\"https:\\\/\\\/vantagepoint.hu\\\/#website\"},\"primaryImageOfPage\":{\"@id\":\"https:\\\/\\\/vantagepoint.hu\\\/koszonjuk-erdeklodes\\\/#primaryimage\"},\"image\":{\"@id\":\"https:\\\/\\\/vantagepoint.hu\\\/koszonjuk-erdeklodes\\\/#primaryimage\"},\"thumbnailUrl\":\"https:\\\/\\\/vantagepoint.hu\\\/wp-content\\\/uploads\\\/2024\\\/07\\\/fej-rolunk.webp\",\"datePublished\":\"2024-08-07T08:02:02+00:00\",\"dateModified\":\"2025-01-13T10:39:27+00:00\",\"description\":\"K\u00f6sz\u00f6nj\u00fck \u00e9rdekl\u0151d\u00e9s\u00e9t, koll\u00e9g\u00e1ink hamarosan felveszik \u00d6nnel a kapcsolatot! ESG tan\u00e1csad\u00e1s, ESG besz\u00e1mol\u00f3 \u00e9s fenntarthat\u00f3s\u00e1gi jelent\u00e9s \u00edr\u00e1s.\",\"breadcrumb\":{\"@id\":\"https:\\\/\\\/vantagepoint.hu\\\/koszonjuk-erdeklodes\\\/#breadcrumb\"},\"inLanguage\":\"en-GB\",\"potentialAction\":[{\"@type\":\"ReadAction\",\"target\":[\"https:\\\/\\\/vantagepoint.hu\\\/koszonjuk-erdeklodes\\\/\"]}]},{\"@type\":\"ImageObject\",\"inLanguage\":\"en-GB\",\"@id\":\"https:\\\/\\\/vantagepoint.hu\\\/koszonjuk-erdeklodes\\\/#primaryimage\",\"url\":\"https:\\\/\\\/vantagepoint.hu\\\/wp-content\\\/uploads\\\/2024\\\/07\\\/fej-rolunk.webp\",\"contentUrl\":\"https:\\\/\\\/vantagepoint.hu\\\/wp-content\\\/uploads\\\/2024\\\/07\\\/fej-rolunk.webp\"},{\"@type\":\"BreadcrumbList\",\"@id\":\"https:\\\/\\\/vantagepoint.hu\\\/koszonjuk-erdeklodes\\\/#breadcrumb\",\"itemListElement\":[{\"@type\":\"ListItem\",\"position\":1,\"name\":\"Home\",\"item\":\"https:\\\/\\\/vantagepoint.hu\\\/\"},{\"@type\":\"ListItem\",\"position\":2,\"name\":\"K\u00f6sz\u00f6nj\u00fck \u00e9rdekl\u0151d\u00e9s\u00e9t\"}]},{\"@type\":\"WebSite\",\"@id\":\"https:\\\/\\\/vantagepoint.hu\\\/#website\",\"url\":\"https:\\\/\\\/vantagepoint.hu\\\/\",\"name\":\"Vantage Point\",\"description\":\"\",\"publisher\":{\"@id\":\"https:\\\/\\\/vantagepoint.hu\\\/#organization\"},\"potentialAction\":[{\"@type\":\"SearchAction\",\"target\":{\"@type\":\"EntryPoint\",\"urlTemplate\":\"https:\\\/\\\/vantagepoint.hu\\\/?s={search_term_string}\"},\"query-input\":{\"@type\":\"PropertyValueSpecification\",\"valueRequired\":true,\"valueName\":\"search_term_string\"}}],\"inLanguage\":\"en-GB\"},{\"@type\":\"Organization\",\"@id\":\"https:\\\/\\\/vantagepoint.hu\\\/#organization\",\"name\":\"Vantage Point\",\"url\":\"https:\\\/\\\/vantagepoint.hu\\\/\",\"logo\":{\"@type\":\"ImageObject\",\"inLanguage\":\"en-GB\",\"@id\":\"https:\\\/\\\/vantagepoint.hu\\\/#\\\/schema\\\/logo\\\/image\\\/\",\"url\":\"https:\\\/\\\/vantagepoint.hu\\\/wp-content\\\/uploads\\\/2025\\\/01\\\/Vantage_Point_logo_green-515x515-1.png\",\"contentUrl\":\"https:\\\/\\\/vantagepoint.hu\\\/wp-content\\\/uploads\\\/2025\\\/01\\\/Vantage_Point_logo_green-515x515-1.png\",\"width\":515,\"height\":515,\"caption\":\"Vantage Point\"},\"image\":{\"@id\":\"https:\\\/\\\/vantagepoint.hu\\\/#\\\/schema\\\/logo\\\/image\\\/\"}}]}<\/script>\n<!-- \/ Yoast SEO plugin. -->","yoast_head_json":{"title":"K\u00f6sz\u00f6nj\u00fck \u00e9rdekl\u0151d\u00e9s\u00e9t!","description":"K\u00f6sz\u00f6nj\u00fck \u00e9rdekl\u0151d\u00e9s\u00e9t, koll\u00e9g\u00e1ink hamarosan felveszik \u00d6nnel a kapcsolatot! ESG tan\u00e1csad\u00e1s, ESG besz\u00e1mol\u00f3 \u00e9s fenntarthat\u00f3s\u00e1gi jelent\u00e9s \u00edr\u00e1s.","robots":{"index":"index","follow":"follow","max-snippet":"max-snippet:-1","max-image-preview":"max-image-preview:large","max-video-preview":"max-video-preview:-1"},"canonical":"https:\/\/vantagepoint.hu\/en\/koszonjuk-erdeklodes\/","og_locale":"en_GB","og_type":"article","og_title":"K\u00f6sz\u00f6nj\u00fck \u00e9rdekl\u0151d\u00e9s\u00e9t!","og_description":"K\u00f6sz\u00f6nj\u00fck \u00e9rdekl\u0151d\u00e9s\u00e9t, koll\u00e9g\u00e1ink hamarosan felveszik \u00d6nnel a kapcsolatot! ESG tan\u00e1csad\u00e1s, ESG besz\u00e1mol\u00f3 \u00e9s fenntarthat\u00f3s\u00e1gi jelent\u00e9s \u00edr\u00e1s.","og_url":"https:\/\/vantagepoint.hu\/en\/koszonjuk-erdeklodes\/","og_site_name":"Vantage Point","article_modified_time":"2025-01-13T10:39:27+00:00","og_image":[{"width":1920,"height":394,"url":"https:\/\/vantagepoint.hu\/wp-content\/uploads\/2024\/07\/fej-rolunk.webp","type":"image\/webp"}],"twitter_card":"summary_large_image","twitter_misc":{"Estimated reading time":"1 minute"},"schema":{"@context":"https:\/\/schema.org","@graph":[{"@type":"WebPage","@id":"https:\/\/vantagepoint.hu\/koszonjuk-erdeklodes\/","url":"https:\/\/vantagepoint.hu\/koszonjuk-erdeklodes\/","name":"K\u00f6sz\u00f6nj\u00fck \u00e9rdekl\u0151d\u00e9s\u00e9t!","isPartOf":{"@id":"https:\/\/vantagepoint.hu\/#website"},"primaryImageOfPage":{"@id":"https:\/\/vantagepoint.hu\/koszonjuk-erdeklodes\/#primaryimage"},"image":{"@id":"https:\/\/vantagepoint.hu\/koszonjuk-erdeklodes\/#primaryimage"},"thumbnailUrl":"https:\/\/vantagepoint.hu\/wp-content\/uploads\/2024\/07\/fej-rolunk.webp","datePublished":"2024-08-07T08:02:02+00:00","dateModified":"2025-01-13T10:39:27+00:00","description":"K\u00f6sz\u00f6nj\u00fck \u00e9rdekl\u0151d\u00e9s\u00e9t, koll\u00e9g\u00e1ink hamarosan felveszik \u00d6nnel a kapcsolatot! ESG tan\u00e1csad\u00e1s, ESG besz\u00e1mol\u00f3 \u00e9s fenntarthat\u00f3s\u00e1gi jelent\u00e9s \u00edr\u00e1s.","breadcrumb":{"@id":"https:\/\/vantagepoint.hu\/koszonjuk-erdeklodes\/#breadcrumb"},"inLanguage":"en-GB","potentialAction":[{"@type":"ReadAction","target":["https:\/\/vantagepoint.hu\/koszonjuk-erdeklodes\/"]}]},{"@type":"ImageObject","inLanguage":"en-GB","@id":"https:\/\/vantagepoint.hu\/koszonjuk-erdeklodes\/#primaryimage","url":"https:\/\/vantagepoint.hu\/wp-content\/uploads\/2024\/07\/fej-rolunk.webp","contentUrl":"https:\/\/vantagepoint.hu\/wp-content\/uploads\/2024\/07\/fej-rolunk.webp"},{"@type":"BreadcrumbList","@id":"https:\/\/vantagepoint.hu\/koszonjuk-erdeklodes\/#breadcrumb","itemListElement":[{"@type":"ListItem","position":1,"name":"Home","item":"https:\/\/vantagepoint.hu\/"},{"@type":"ListItem","position":2,"name":"K\u00f6sz\u00f6nj\u00fck \u00e9rdekl\u0151d\u00e9s\u00e9t"}]},{"@type":"WebSite","@id":"https:\/\/vantagepoint.hu\/#website","url":"https:\/\/vantagepoint.hu\/","name":"Vantage Point","description":"","publisher":{"@id":"https:\/\/vantagepoint.hu\/#organization"},"potentialAction":[{"@type":"SearchAction","target":{"@type":"EntryPoint","urlTemplate":"https:\/\/vantagepoint.hu\/?s={search_term_string}"},"query-input":{"@type":"PropertyValueSpecification","valueRequired":true,"valueName":"search_term_string"}}],"inLanguage":"en-GB"},{"@type":"Organization","@id":"https:\/\/vantagepoint.hu\/#organization","name":"Vantage Point","url":"https:\/\/vantagepoint.hu\/","logo":{"@type":"ImageObject","inLanguage":"en-GB","@id":"https:\/\/vantagepoint.hu\/#\/schema\/logo\/image\/","url":"https:\/\/vantagepoint.hu\/wp-content\/uploads\/2025\/01\/Vantage_Point_logo_green-515x515-1.png","contentUrl":"https:\/\/vantagepoint.hu\/wp-content\/uploads\/2025\/01\/Vantage_Point_logo_green-515x515-1.png","width":515,"height":515,"caption":"Vantage Point"},"image":{"@id":"https:\/\/vantagepoint.hu\/#\/schema\/logo\/image\/"}}]}},"_links":{"self":[{"href":"https:\/\/vantagepoint.hu\/en\/wp-json\/wp\/v2\/pages\/469","targetHints":{"allow":["GET"]}}],"collection":[{"href":"https:\/\/vantagepoint.hu\/en\/wp-json\/wp\/v2\/pages"}],"about":[{"href":"https:\/\/vantagepoint.hu\/en\/wp-json\/wp\/v2\/types\/page"}],"author":[{"embeddable":true,"href":"https:\/\/vantagepoint.hu\/en\/wp-json\/wp\/v2\/users\/1"}],"replies":[{"embeddable":true,"href":"https:\/\/vantagepoint.hu\/en\/wp-json\/wp\/v2\/comments?post=469"}],"version-history":[{"count":1,"href":"https:\/\/vantagepoint.hu\/en\/wp-json\/wp\/v2\/pages\/469\/revisions"}],"predecessor-version":[{"id":1231,"href":"https:\/\/vantagepoint.hu\/en\/wp-json\/wp\/v2\/pages\/469\/revisions\/1231"}],"wp:attachment":[{"href":"https:\/\/vantagepoint.hu\/en\/wp-json\/wp\/v2\/media?parent=469"}],"curies":[{"name":"wp","href":"https:\/\/api.w.org\/{rel}","templated":true}]}}