{"id":445,"date":"2024-08-07T06:49:52","date_gmt":"2024-08-07T06:49:52","guid":{"rendered":"https:\/\/vantagepoint.hu\/?page_id=445"},"modified":"2025-01-13T10:28:58","modified_gmt":"2025-01-13T10:28:58","slug":"impresszum","status":"publish","type":"page","link":"https:\/\/vantagepoint.hu\/en\/impresszum\/","title":{"rendered":"Impressum"},"content":{"rendered":"<div class=\"wp-block-cover alignfull is-light va-head-content\" style=\"min-height:394px;aspect-ratio:unset;\"><span aria-hidden=\"true\" class=\"wp-block-cover__background has-background-dim-0 has-background-dim\" style=\"background-color:#6cadac\"><\/span><img loading=\"lazy\" decoding=\"async\" width=\"1920\" height=\"394\" class=\"wp-block-cover__image-background wp-image-61\" alt=\"\" src=\"https:\/\/vantagepoint.hu\/wp-content\/uploads\/2024\/07\/fej-rolunk.webp\" data-object-fit=\"cover\" srcset=\"https:\/\/vantagepoint.hu\/wp-content\/uploads\/2024\/07\/fej-rolunk.webp 1920w, https:\/\/vantagepoint.hu\/wp-content\/uploads\/2024\/07\/fej-rolunk-300x62.webp 300w, https:\/\/vantagepoint.hu\/wp-content\/uploads\/2024\/07\/fej-rolunk-1024x210.webp 1024w, https:\/\/vantagepoint.hu\/wp-content\/uploads\/2024\/07\/fej-rolunk-768x158.webp 768w, https:\/\/vantagepoint.hu\/wp-content\/uploads\/2024\/07\/fej-rolunk-1536x315.webp 1536w\" sizes=\"auto, (max-width: 1920px) 100vw, 1920px\" \/><div class=\"wp-block-cover__inner-container has-global-padding is-layout-constrained wp-block-cover-is-layout-constrained\">\n<div class=\"wp-block-group alignfull has-global-padding is-layout-constrained wp-block-group-is-layout-constrained\">\n<div class=\"wp-block-columns alignwide is-layout-flex wp-container-core-columns-is-layout-28f84493 wp-block-columns-is-layout-flex\">\n<div class=\"wp-block-column is-vertically-aligned-top is-layout-flow wp-block-column-is-layout-flow\">\n<div class=\"wp-block-group alignwide is-vertical is-layout-flex wp-container-core-group-is-layout-fe9cc265 wp-block-group-is-layout-flex\">\n<div style=\"height:0px\" aria-hidden=\"true\" class=\"wp-block-spacer wp-container-content-40d3884b\"><\/div>\n\n\n\n<div class=\"wp-block-columns width-100 is-layout-flex wp-container-core-columns-is-layout-c72a07f7 wp-block-columns-is-layout-flex\">\n<div class=\"wp-block-column is-layout-flow wp-block-column-is-layout-flow\">\n<div class=\"wp-block-group has-global-padding is-content-justification-left is-layout-constrained wp-container-core-group-is-layout-fd1540d6 wp-block-group-is-layout-constrained\">\n<h1 class=\"wp-block-heading has-text-align-left is-style-default has-base-color has-text-color has-link-color wp-elements-0e8ae50eed6166fc5a461fb758524ce0\" style=\"font-style:normal;font-weight:500\">impresszum<\/h1>\n<\/div>\n<\/div>\n\n\n\n<div class=\"wp-block-column is-vertically-aligned-bottom is-layout-flow wp-block-column-is-layout-flow\" style=\"flex-basis:341px\">\n<div class=\"wp-block-group va-head-content-slogen has-global-padding is-content-justification-center is-layout-constrained wp-block-group-is-layout-constrained\">\n<p class=\"has-text-align-center has-contrast-2-color has-text-color has-link-color has-x-large-font-size wp-elements-88fd88e27855a6372299d29dbf65716e\" style=\"font-style:normal;font-weight:700;line-height:1.1\">see beyond<br>compliance<\/p>\n<\/div>\n<\/div>\n<\/div>\n<\/div>\n<\/div>\n<\/div>\n<\/div>\n<\/div><\/div>\n\n\n\n<div class=\"wp-block-group has-global-padding is-layout-constrained wp-block-group-is-layout-constrained\">\n<div style=\"height:100px\" aria-hidden=\"true\" class=\"wp-block-spacer\"><\/div>\n\n\n\n<h2 class=\"wp-block-heading is-style-vp-rounded-ivert\" style=\"text-transform:uppercase\"><strong>The team<\/strong><\/h2>\n\n\n\n<div style=\"height:50px\" aria-hidden=\"true\" class=\"wp-block-spacer\"><\/div>\n\n\n\n<p><strong>Tomaj Zs<\/strong><strong>\u00f3fi&nbsp;<\/strong>\u2013 CEO, Co-founder<\/p>\n\n\n\n<p><strong>E<\/strong><strong>\u00f6ly<\/strong><strong>\u00fcs Endre<\/strong> \u2013 Co-founder<\/p>\n\n\n\n<p><strong>Kiss&nbsp;\u00c1d\u00e1m&nbsp;<\/strong>\u2013 Co-founder<\/p>\n\n\n\n<div style=\"height:50px\" aria-hidden=\"true\" class=\"wp-block-spacer\"><\/div>\n\n\n\n<h2 class=\"wp-block-heading is-style-vp-rounded-ivert\" style=\"text-transform:uppercase\"><strong>\u00dczemeltet\u0151<\/strong><\/h2>\n\n\n\n<div style=\"height:50px\" aria-hidden=\"true\" class=\"wp-block-spacer\"><\/div>\n\n\n\n<p><strong>Vantage Point Limited Liability Company<\/strong><\/p>\n\n\n\n<p>Registered office: 1139 Budapest, Lomb utca 31\/B. \u00e9p.<\/p>\n\n\n\n<p>Tax number: 32609189-2-41<\/p>\n\n\n\n<p>E-mail: <a href=\"mailto:info@vantagepoint.hu\" target=\"_blank\" rel=\"noreferrer noopener\">info@vantagepoint.hu<\/a><\/p>\n\n\n\n<div style=\"height:50px\" aria-hidden=\"true\" class=\"wp-block-spacer\"><\/div>\n\n\n\n<h2 class=\"wp-block-heading is-style-vp-rounded-ivert\" style=\"text-transform:uppercase\"><strong>Hosting provider<\/strong><\/h2>\n\n\n\n<div style=\"height:50px\" aria-hidden=\"true\" class=\"wp-block-spacer\"><\/div>\n\n\n\n<p><strong>JK Rendszerek<\/strong><\/p>\n\n\n\n<p>Registered office: 2051 Biatorb\u00e1gy,  Vas\u00fat utca 7.<\/p>\n\n\n\n<p>Electronic contact details: <a href=\"https:\/\/jkrendszerek.hu\/\" target=\"_blank\" rel=\"noreferrer noopener\">https:\/\/jkrendszerek.hu\/<\/a><\/p>\n\n\n\n<div style=\"height:50px\" aria-hidden=\"true\" class=\"wp-block-spacer\"><\/div>\n\n\n\n<p>\u00a9 2024 - All rights reserved.<\/p>\n\n\n\n<div style=\"height:100px\" aria-hidden=\"true\" class=\"wp-block-spacer\"><\/div>\n<\/div>","protected":false},"excerpt":{"rendered":"<p>A csapat Tomaj Zs\u00f3fi&nbsp;\u2013 \u00fcgyvezet\u0151, t\u00e1rsalap\u00edt\u00f3 E\u00f6ly\u00fcs Endre \u2013 t\u00e1rsalap\u00edt\u00f3 Kiss&nbsp;\u00c1d\u00e1m&nbsp;\u2013 t\u00e1rsalap\u00edt\u00f3 \u00dczemeltet\u0151 Vantage Point Korl\u00e1tolt Felel\u0151ss\u00e9g\u0171 T\u00e1rsas\u00e1g Sz\u00e9khely: 1139 Budapest, Lomb utca 31\/B. \u00e9p. Ad\u00f3sz\u00e1m: 32609189-2-41 E-mail: info@vantagepoint.hu T\u00e1rhelyszolg\u00e1ltat\u00f3 JK Rendszerek Sz\u00e9khely:&nbsp;2051 Biatorb\u00e1gy, &nbsp;Vas\u00fat utca 7. Elektronikus el\u00e9rhet\u0151s\u00e9g: https:\/\/jkrendszerek.hu\/ \u00a9 2024 \u2013 Minden jog fenntartva.<\/p>","protected":false},"author":1,"featured_media":0,"parent":0,"menu_order":0,"comment_status":"closed","ping_status":"closed","template":"","meta":{"inline_featured_image":false,"footnotes":""},"class_list":["post-445","page","type-page","status-publish","hentry"],"yoast_head":"<!-- This site is optimized with the Yoast SEO plugin v27.5 - https:\/\/yoast.com\/product\/yoast-seo-wordpress\/ -->\n<title>Impresszum<\/title>\n<meta name=\"description\" content=\"Az ESG tan\u00e1csad\u00e1ssal foglalkoz\u00f3 Vantage Point t\u00e1rsalap\u00edt\u00f3i Tomaj Zs\u00f3fi, E\u00f6ly\u00fcs Endre \u00e9s Kiss \u00c1d\u00e1m. Telefonsz\u00e1m: +36 30 230 1289\" \/>\n<meta name=\"robots\" content=\"index, follow, max-snippet:-1, max-image-preview:large, max-video-preview:-1\" \/>\n<link rel=\"canonical\" href=\"https:\/\/vantagepoint.hu\/en\/impresszum\/\" \/>\n<meta property=\"og:locale\" content=\"en_GB\" \/>\n<meta property=\"og:type\" content=\"article\" \/>\n<meta property=\"og:title\" content=\"Impresszum\" \/>\n<meta property=\"og:description\" content=\"Az ESG tan\u00e1csad\u00e1ssal foglalkoz\u00f3 Vantage Point t\u00e1rsalap\u00edt\u00f3i Tomaj Zs\u00f3fi, E\u00f6ly\u00fcs Endre \u00e9s Kiss \u00c1d\u00e1m. Telefonsz\u00e1m: +36 30 230 1289\" \/>\n<meta property=\"og:url\" content=\"https:\/\/vantagepoint.hu\/en\/impresszum\/\" \/>\n<meta property=\"og:site_name\" content=\"Vantage Point\" \/>\n<meta property=\"article:modified_time\" content=\"2025-01-13T10:28:58+00:00\" \/>\n<meta property=\"og:image\" content=\"https:\/\/vantagepoint.hu\/wp-content\/uploads\/2024\/07\/fej-rolunk.webp\" \/>\n\t<meta property=\"og:image:width\" content=\"1920\" \/>\n\t<meta property=\"og:image:height\" content=\"394\" \/>\n\t<meta property=\"og:image:type\" content=\"image\/webp\" \/>\n<meta name=\"twitter:card\" content=\"summary_large_image\" \/>\n<meta name=\"twitter:label1\" content=\"Estimated reading time\" \/>\n\t<meta name=\"twitter:data1\" content=\"1 minute\" \/>\n<script type=\"application\/ld+json\" class=\"yoast-schema-graph\">{\"@context\":\"https:\\\/\\\/schema.org\",\"@graph\":[{\"@type\":\"WebPage\",\"@id\":\"https:\\\/\\\/vantagepoint.hu\\\/impresszum\\\/\",\"url\":\"https:\\\/\\\/vantagepoint.hu\\\/impresszum\\\/\",\"name\":\"Impresszum\",\"isPartOf\":{\"@id\":\"https:\\\/\\\/vantagepoint.hu\\\/#website\"},\"primaryImageOfPage\":{\"@id\":\"https:\\\/\\\/vantagepoint.hu\\\/impresszum\\\/#primaryimage\"},\"image\":{\"@id\":\"https:\\\/\\\/vantagepoint.hu\\\/impresszum\\\/#primaryimage\"},\"thumbnailUrl\":\"https:\\\/\\\/vantagepoint.hu\\\/wp-content\\\/uploads\\\/2024\\\/07\\\/fej-rolunk.webp\",\"datePublished\":\"2024-08-07T06:49:52+00:00\",\"dateModified\":\"2025-01-13T10:28:58+00:00\",\"description\":\"Az ESG tan\u00e1csad\u00e1ssal foglalkoz\u00f3 Vantage Point t\u00e1rsalap\u00edt\u00f3i Tomaj Zs\u00f3fi, E\u00f6ly\u00fcs Endre \u00e9s Kiss \u00c1d\u00e1m. Telefonsz\u00e1m: +36 30 230 1289\",\"breadcrumb\":{\"@id\":\"https:\\\/\\\/vantagepoint.hu\\\/impresszum\\\/#breadcrumb\"},\"inLanguage\":\"en-GB\",\"potentialAction\":[{\"@type\":\"ReadAction\",\"target\":[\"https:\\\/\\\/vantagepoint.hu\\\/impresszum\\\/\"]}]},{\"@type\":\"ImageObject\",\"inLanguage\":\"en-GB\",\"@id\":\"https:\\\/\\\/vantagepoint.hu\\\/impresszum\\\/#primaryimage\",\"url\":\"https:\\\/\\\/vantagepoint.hu\\\/wp-content\\\/uploads\\\/2024\\\/07\\\/fej-rolunk.webp\",\"contentUrl\":\"https:\\\/\\\/vantagepoint.hu\\\/wp-content\\\/uploads\\\/2024\\\/07\\\/fej-rolunk.webp\"},{\"@type\":\"BreadcrumbList\",\"@id\":\"https:\\\/\\\/vantagepoint.hu\\\/impresszum\\\/#breadcrumb\",\"itemListElement\":[{\"@type\":\"ListItem\",\"position\":1,\"name\":\"Home\",\"item\":\"https:\\\/\\\/vantagepoint.hu\\\/\"},{\"@type\":\"ListItem\",\"position\":2,\"name\":\"Impresszum\"}]},{\"@type\":\"WebSite\",\"@id\":\"https:\\\/\\\/vantagepoint.hu\\\/#website\",\"url\":\"https:\\\/\\\/vantagepoint.hu\\\/\",\"name\":\"Vantage Point\",\"description\":\"\",\"publisher\":{\"@id\":\"https:\\\/\\\/vantagepoint.hu\\\/#organization\"},\"potentialAction\":[{\"@type\":\"SearchAction\",\"target\":{\"@type\":\"EntryPoint\",\"urlTemplate\":\"https:\\\/\\\/vantagepoint.hu\\\/?s={search_term_string}\"},\"query-input\":{\"@type\":\"PropertyValueSpecification\",\"valueRequired\":true,\"valueName\":\"search_term_string\"}}],\"inLanguage\":\"en-GB\"},{\"@type\":\"Organization\",\"@id\":\"https:\\\/\\\/vantagepoint.hu\\\/#organization\",\"name\":\"Vantage Point\",\"url\":\"https:\\\/\\\/vantagepoint.hu\\\/\",\"logo\":{\"@type\":\"ImageObject\",\"inLanguage\":\"en-GB\",\"@id\":\"https:\\\/\\\/vantagepoint.hu\\\/#\\\/schema\\\/logo\\\/image\\\/\",\"url\":\"https:\\\/\\\/vantagepoint.hu\\\/wp-content\\\/uploads\\\/2025\\\/01\\\/Vantage_Point_logo_green-515x515-1.png\",\"contentUrl\":\"https:\\\/\\\/vantagepoint.hu\\\/wp-content\\\/uploads\\\/2025\\\/01\\\/Vantage_Point_logo_green-515x515-1.png\",\"width\":515,\"height\":515,\"caption\":\"Vantage Point\"},\"image\":{\"@id\":\"https:\\\/\\\/vantagepoint.hu\\\/#\\\/schema\\\/logo\\\/image\\\/\"}}]}<\/script>\n<!-- \/ Yoast SEO plugin. -->","yoast_head_json":{"title":"Impressum","description":"Az ESG tan\u00e1csad\u00e1ssal foglalkoz\u00f3 Vantage Point t\u00e1rsalap\u00edt\u00f3i Tomaj Zs\u00f3fi, E\u00f6ly\u00fcs Endre \u00e9s Kiss \u00c1d\u00e1m. Telefonsz\u00e1m: +36 30 230 1289","robots":{"index":"index","follow":"follow","max-snippet":"max-snippet:-1","max-image-preview":"max-image-preview:large","max-video-preview":"max-video-preview:-1"},"canonical":"https:\/\/vantagepoint.hu\/en\/impresszum\/","og_locale":"en_GB","og_type":"article","og_title":"Impresszum","og_description":"Az ESG tan\u00e1csad\u00e1ssal foglalkoz\u00f3 Vantage Point t\u00e1rsalap\u00edt\u00f3i Tomaj Zs\u00f3fi, E\u00f6ly\u00fcs Endre \u00e9s Kiss \u00c1d\u00e1m. Telefonsz\u00e1m: +36 30 230 1289","og_url":"https:\/\/vantagepoint.hu\/en\/impresszum\/","og_site_name":"Vantage Point","article_modified_time":"2025-01-13T10:28:58+00:00","og_image":[{"width":1920,"height":394,"url":"https:\/\/vantagepoint.hu\/wp-content\/uploads\/2024\/07\/fej-rolunk.webp","type":"image\/webp"}],"twitter_card":"summary_large_image","twitter_misc":{"Estimated reading time":"1 minute"},"schema":{"@context":"https:\/\/schema.org","@graph":[{"@type":"WebPage","@id":"https:\/\/vantagepoint.hu\/impresszum\/","url":"https:\/\/vantagepoint.hu\/impresszum\/","name":"Impressum","isPartOf":{"@id":"https:\/\/vantagepoint.hu\/#website"},"primaryImageOfPage":{"@id":"https:\/\/vantagepoint.hu\/impresszum\/#primaryimage"},"image":{"@id":"https:\/\/vantagepoint.hu\/impresszum\/#primaryimage"},"thumbnailUrl":"https:\/\/vantagepoint.hu\/wp-content\/uploads\/2024\/07\/fej-rolunk.webp","datePublished":"2024-08-07T06:49:52+00:00","dateModified":"2025-01-13T10:28:58+00:00","description":"Az ESG tan\u00e1csad\u00e1ssal foglalkoz\u00f3 Vantage Point t\u00e1rsalap\u00edt\u00f3i Tomaj Zs\u00f3fi, E\u00f6ly\u00fcs Endre \u00e9s Kiss \u00c1d\u00e1m. Telefonsz\u00e1m: +36 30 230 1289","breadcrumb":{"@id":"https:\/\/vantagepoint.hu\/impresszum\/#breadcrumb"},"inLanguage":"en-GB","potentialAction":[{"@type":"ReadAction","target":["https:\/\/vantagepoint.hu\/impresszum\/"]}]},{"@type":"ImageObject","inLanguage":"en-GB","@id":"https:\/\/vantagepoint.hu\/impresszum\/#primaryimage","url":"https:\/\/vantagepoint.hu\/wp-content\/uploads\/2024\/07\/fej-rolunk.webp","contentUrl":"https:\/\/vantagepoint.hu\/wp-content\/uploads\/2024\/07\/fej-rolunk.webp"},{"@type":"BreadcrumbList","@id":"https:\/\/vantagepoint.hu\/impresszum\/#breadcrumb","itemListElement":[{"@type":"ListItem","position":1,"name":"Home","item":"https:\/\/vantagepoint.hu\/"},{"@type":"ListItem","position":2,"name":"Impresszum"}]},{"@type":"WebSite","@id":"https:\/\/vantagepoint.hu\/#website","url":"https:\/\/vantagepoint.hu\/","name":"Vantage Point","description":"","publisher":{"@id":"https:\/\/vantagepoint.hu\/#organization"},"potentialAction":[{"@type":"SearchAction","target":{"@type":"EntryPoint","urlTemplate":"https:\/\/vantagepoint.hu\/?s={search_term_string}"},"query-input":{"@type":"PropertyValueSpecification","valueRequired":true,"valueName":"search_term_string"}}],"inLanguage":"en-GB"},{"@type":"Organization","@id":"https:\/\/vantagepoint.hu\/#organization","name":"Vantage Point","url":"https:\/\/vantagepoint.hu\/","logo":{"@type":"ImageObject","inLanguage":"en-GB","@id":"https:\/\/vantagepoint.hu\/#\/schema\/logo\/image\/","url":"https:\/\/vantagepoint.hu\/wp-content\/uploads\/2025\/01\/Vantage_Point_logo_green-515x515-1.png","contentUrl":"https:\/\/vantagepoint.hu\/wp-content\/uploads\/2025\/01\/Vantage_Point_logo_green-515x515-1.png","width":515,"height":515,"caption":"Vantage Point"},"image":{"@id":"https:\/\/vantagepoint.hu\/#\/schema\/logo\/image\/"}}]}},"_links":{"self":[{"href":"https:\/\/vantagepoint.hu\/en\/wp-json\/wp\/v2\/pages\/445","targetHints":{"allow":["GET"]}}],"collection":[{"href":"https:\/\/vantagepoint.hu\/en\/wp-json\/wp\/v2\/pages"}],"about":[{"href":"https:\/\/vantagepoint.hu\/en\/wp-json\/wp\/v2\/types\/page"}],"author":[{"embeddable":true,"href":"https:\/\/vantagepoint.hu\/en\/wp-json\/wp\/v2\/users\/1"}],"replies":[{"embeddable":true,"href":"https:\/\/vantagepoint.hu\/en\/wp-json\/wp\/v2\/comments?post=445"}],"version-history":[{"count":1,"href":"https:\/\/vantagepoint.hu\/en\/wp-json\/wp\/v2\/pages\/445\/revisions"}],"predecessor-version":[{"id":914,"href":"https:\/\/vantagepoint.hu\/en\/wp-json\/wp\/v2\/pages\/445\/revisions\/914"}],"wp:attachment":[{"href":"https:\/\/vantagepoint.hu\/en\/wp-json\/wp\/v2\/media?parent=445"}],"curies":[{"name":"wp","href":"https:\/\/api.w.org\/{rel}","templated":true}]}}