{"id":27,"date":"2024-07-23T20:08:17","date_gmt":"2024-07-23T20:08:17","guid":{"rendered":"https:\/\/vantagepoint.hu\/?page_id=27"},"modified":"2025-01-13T10:33:50","modified_gmt":"2025-01-13T10:33:50","slug":"kapcsolat","status":"publish","type":"page","link":"https:\/\/vantagepoint.hu\/en\/kapcsolat\/","title":{"rendered":"KAPCSOLAT"},"content":{"rendered":"<div class=\"wp-block-cover alignfull is-light va-head-content\" style=\"min-height:394px;aspect-ratio:unset;\"><span aria-hidden=\"true\" class=\"wp-block-cover__background has-background-dim-0 has-background-dim\" style=\"background-color:#6cadac\"><\/span><img loading=\"lazy\" decoding=\"async\" width=\"1920\" height=\"394\" class=\"wp-block-cover__image-background wp-image-61\" alt=\"\" src=\"https:\/\/vantagepoint.hu\/wp-content\/uploads\/2024\/07\/fej-rolunk.webp\" data-object-fit=\"cover\" srcset=\"https:\/\/vantagepoint.hu\/wp-content\/uploads\/2024\/07\/fej-rolunk.webp 1920w, https:\/\/vantagepoint.hu\/wp-content\/uploads\/2024\/07\/fej-rolunk-300x62.webp 300w, https:\/\/vantagepoint.hu\/wp-content\/uploads\/2024\/07\/fej-rolunk-1024x210.webp 1024w, https:\/\/vantagepoint.hu\/wp-content\/uploads\/2024\/07\/fej-rolunk-768x158.webp 768w, https:\/\/vantagepoint.hu\/wp-content\/uploads\/2024\/07\/fej-rolunk-1536x315.webp 1536w\" sizes=\"auto, (max-width: 1920px) 100vw, 1920px\" \/><div class=\"wp-block-cover__inner-container has-global-padding is-layout-constrained wp-block-cover-is-layout-constrained\">\n<div class=\"wp-block-group alignfull has-global-padding is-layout-constrained wp-block-group-is-layout-constrained\">\n<div class=\"wp-block-columns alignwide is-layout-flex wp-container-core-columns-is-layout-28f84493 wp-block-columns-is-layout-flex\">\n<div class=\"wp-block-column is-vertically-aligned-top is-layout-flow wp-block-column-is-layout-flow\">\n<div class=\"wp-block-group alignwide is-vertical is-layout-flex wp-container-core-group-is-layout-fe9cc265 wp-block-group-is-layout-flex\">\n<div style=\"height:0px\" aria-hidden=\"true\" class=\"wp-block-spacer wp-container-content-40d3884b\"><\/div>\n\n\n\n<div class=\"wp-block-columns width-100 is-layout-flex wp-container-core-columns-is-layout-c72a07f7 wp-block-columns-is-layout-flex\">\n<div class=\"wp-block-column is-layout-flow wp-block-column-is-layout-flow\">\n<div class=\"wp-block-group has-global-padding is-content-justification-left is-layout-constrained wp-container-core-group-is-layout-fd1540d6 wp-block-group-is-layout-constrained\">\n<h1 class=\"wp-block-heading has-text-align-left is-style-default has-base-color has-text-color has-link-color wp-elements-a1dfa325a2971e21c4aec0f31bc7c17e\" style=\"font-style:normal;font-weight:500\">contact<\/h1>\n<\/div>\n<\/div>\n\n\n\n<div class=\"wp-block-column is-vertically-aligned-bottom is-layout-flow wp-block-column-is-layout-flow\" style=\"flex-basis:341px\">\n<div class=\"wp-block-group va-head-content-slogen has-global-padding is-content-justification-right is-layout-constrained wp-container-core-group-is-layout-bdcabbee wp-block-group-is-layout-constrained\">\n<p class=\"has-text-align-center has-contrast-2-color has-text-color has-link-color has-x-large-font-size wp-elements-88fd88e27855a6372299d29dbf65716e\" style=\"font-style:normal;font-weight:700;line-height:1.1\">see beyond<br>compliance<\/p>\n<\/div>\n<\/div>\n<\/div>\n<\/div>\n<\/div>\n<\/div>\n<\/div>\n<\/div><\/div>\n\n\n\n<div style=\"height:100px\" aria-hidden=\"true\" class=\"wp-block-spacer\"><\/div>\n\n\n\n<div id=\"form\" class=\"wp-block-group contact-section has-global-padding is-layout-constrained wp-container-core-group-is-layout-19e250f3 wp-block-group-is-layout-constrained\">\n<h2 class=\"wp-block-heading has-contrast-color has-text-color has-link-color wp-elements-ad48cc4cfe5d98d200f00999285713a8\">contact&nbsp;<\/h2>\n\n\n\n<h2 class=\"wp-block-heading\">us!<\/h2>\n\n\n\n<div class=\"wp-block-contact-form-7-contact-form-selector\">\n<div class=\"wpcf7 no-js\" id=\"wpcf7-f225-o1\" lang=\"en-US\" dir=\"ltr\" data-wpcf7-id=\"225\">\n<div class=\"screen-reader-response\"><p role=\"status\" aria-live=\"polite\" aria-atomic=\"true\"><\/p> <ul><\/ul><\/div>\n<form action=\"\/en\/wp-json\/wp\/v2\/pages\/27#wpcf7-f225-o1\" method=\"post\" class=\"wpcf7-form init\" aria-label=\"Contact form\" novalidate=\"novalidate\" data-status=\"init\" data-trp-original-action=\"\/en\/wp-json\/wp\/v2\/pages\/27#wpcf7-f225-o1\">\n<fieldset class=\"hidden-fields-container\"><input type=\"hidden\" name=\"_wpcf7\" value=\"225\" \/><input type=\"hidden\" name=\"_wpcf7_version\" value=\"6.1.5\" \/><input type=\"hidden\" name=\"_wpcf7_locale\" value=\"en_US\" \/><input type=\"hidden\" name=\"_wpcf7_unit_tag\" value=\"wpcf7-f225-o1\" \/><input type=\"hidden\" name=\"_wpcf7_container_post\" value=\"0\" \/><input type=\"hidden\" name=\"_wpcf7_posted_data_hash\" value=\"\" \/><input type=\"hidden\" name=\"_wpcf7_recaptcha_response\" value=\"\" \/>\n<\/fieldset>\n<p><label> Full Name *<br \/>\n<span class=\"wpcf7-form-control-wrap\" data-name=\"your-name\"><input size=\"40\" maxlength=\"400\" class=\"wpcf7-form-control wpcf7-text wpcf7-validates-as-required\" autocomplete=\"name\" aria-required=\"true\" aria-invalid=\"false\" value=\"\" type=\"text\" name=\"your-name\" \/><\/span> <\/label>\n<\/p>\n<p><label> Email Address *<br \/>\n<span class=\"wpcf7-form-control-wrap\" data-name=\"your-email\"><input size=\"40\" maxlength=\"400\" class=\"wpcf7-form-control wpcf7-email wpcf7-validates-as-required wpcf7-text wpcf7-validates-as-email\" autocomplete=\"email\" aria-required=\"true\" aria-invalid=\"false\" value=\"\" type=\"email\" name=\"your-email\" \/><\/span> <\/label>\n<\/p>\n<p><label> Phone Number<br \/>\n<span class=\"wpcf7-form-control-wrap\" data-name=\"your-tel\"><input size=\"40\" maxlength=\"400\" class=\"wpcf7-form-control wpcf7-text\" aria-invalid=\"false\" value=\"\" type=\"text\" name=\"your-tel\" \/><\/span> <\/label>\n<\/p>\n<p><label> Message<br \/>\n<span class=\"wpcf7-form-control-wrap\" data-name=\"your-message\"><textarea cols=\"40\" rows=\"10\" maxlength=\"2000\" class=\"wpcf7-form-control wpcf7-textarea\" aria-invalid=\"false\" name=\"your-message\"><\/textarea><\/span> <\/label>\n<\/p>\n<p><br \/>\n<span class=\"wpcf7-form-control-wrap\" data-name=\"acceptance-991\"><span class=\"wpcf7-form-control wpcf7-acceptance\"><span class=\"wpcf7-list-item\"><label class=\"translation-block\"><input type=\"checkbox\" name=\"acceptance-991\" value=\"1\" aria-invalid=\"false\"><span class=\"wpcf7-list-item-label\">I accept the <a href=\"\/en\/vantage-point-fenntarthatosag-adatvedelmi-tajekoztato\/\" target=\"_blank\">privacy policy<\/a>&nbsp;*<\/span><\/label><\/span><\/span><\/span><br \/>\n<br \/>\n\n<\/p>\n<p><input class=\"wpcf7-form-control wpcf7-submit has-spinner button\" type=\"submit\" value=\"SEND\" \/>\n<\/p><div class=\"wpcf7-response-output\" aria-hidden=\"true\"><\/div>\n<input type=\"hidden\" name=\"trp-form-language\" value=\"en\"\/><\/form>\n<\/div>\n<\/div>\n<\/div>\n\n\n\n<div style=\"height:100px\" aria-hidden=\"true\" class=\"wp-block-spacer\"><\/div>","protected":false},"excerpt":{"rendered":"","protected":false},"author":1,"featured_media":0,"parent":0,"menu_order":0,"comment_status":"closed","ping_status":"closed","template":"","meta":{"inline_featured_image":false,"footnotes":""},"class_list":["post-27","page","type-page","status-publish","hentry"],"yoast_head":"<!-- This site is optimized with the Yoast SEO plugin v27.5 - https:\/\/yoast.com\/product\/yoast-seo-wordpress\/ -->\n<title>L\u00e9pjen vel\u00fcnk kapcsolatba!<\/title>\n<meta name=\"description\" content=\"T\u00f6ltse ki kapcsolatfelv\u00e9teli \u0171rlapunkat vagy h\u00edvjon benn\u00fcnket a +36 30 230 1289-as telefonsz\u00e1mon! - ESG tan\u00e1csad\u00e1s, fenntarthat\u00f3s\u00e1g.\" \/>\n<meta name=\"robots\" content=\"index, follow, max-snippet:-1, max-image-preview:large, max-video-preview:-1\" \/>\n<link rel=\"canonical\" href=\"https:\/\/vantagepoint.hu\/en\/kapcsolat\/\" \/>\n<meta property=\"og:locale\" content=\"en_GB\" \/>\n<meta property=\"og:type\" content=\"article\" \/>\n<meta property=\"og:title\" content=\"L\u00e9pjen vel\u00fcnk kapcsolatba!\" \/>\n<meta property=\"og:description\" content=\"T\u00f6ltse ki kapcsolatfelv\u00e9teli \u0171rlapunkat vagy h\u00edvjon benn\u00fcnket a +36 30 230 1289-as telefonsz\u00e1mon! - ESG tan\u00e1csad\u00e1s, fenntarthat\u00f3s\u00e1g.\" \/>\n<meta property=\"og:url\" content=\"https:\/\/vantagepoint.hu\/en\/kapcsolat\/\" \/>\n<meta property=\"og:site_name\" content=\"Vantage Point\" \/>\n<meta property=\"article:modified_time\" content=\"2025-01-13T10:33:50+00:00\" \/>\n<meta property=\"og:image\" content=\"https:\/\/vantagepoint.hu\/wp-content\/uploads\/2024\/07\/fej-rolunk.webp\" \/>\n\t<meta property=\"og:image:width\" content=\"1920\" \/>\n\t<meta property=\"og:image:height\" content=\"394\" \/>\n\t<meta property=\"og:image:type\" content=\"image\/webp\" \/>\n<meta name=\"twitter:card\" content=\"summary_large_image\" \/>\n<meta name=\"twitter:label1\" content=\"Estimated reading time\" \/>\n\t<meta name=\"twitter:data1\" content=\"1 minute\" \/>\n<script type=\"application\/ld+json\" class=\"yoast-schema-graph\">{\"@context\":\"https:\\\/\\\/schema.org\",\"@graph\":[{\"@type\":\"WebPage\",\"@id\":\"https:\\\/\\\/vantagepoint.hu\\\/kapcsolat\\\/\",\"url\":\"https:\\\/\\\/vantagepoint.hu\\\/kapcsolat\\\/\",\"name\":\"L\u00e9pjen vel\u00fcnk kapcsolatba!\",\"isPartOf\":{\"@id\":\"https:\\\/\\\/vantagepoint.hu\\\/#website\"},\"primaryImageOfPage\":{\"@id\":\"https:\\\/\\\/vantagepoint.hu\\\/kapcsolat\\\/#primaryimage\"},\"image\":{\"@id\":\"https:\\\/\\\/vantagepoint.hu\\\/kapcsolat\\\/#primaryimage\"},\"thumbnailUrl\":\"https:\\\/\\\/vantagepoint.hu\\\/wp-content\\\/uploads\\\/2024\\\/07\\\/fej-rolunk.webp\",\"datePublished\":\"2024-07-23T20:08:17+00:00\",\"dateModified\":\"2025-01-13T10:33:50+00:00\",\"description\":\"T\u00f6ltse ki kapcsolatfelv\u00e9teli \u0171rlapunkat vagy h\u00edvjon benn\u00fcnket a +36 30 230 1289-as telefonsz\u00e1mon! - ESG tan\u00e1csad\u00e1s, fenntarthat\u00f3s\u00e1g.\",\"breadcrumb\":{\"@id\":\"https:\\\/\\\/vantagepoint.hu\\\/kapcsolat\\\/#breadcrumb\"},\"inLanguage\":\"en-GB\",\"potentialAction\":[{\"@type\":\"ReadAction\",\"target\":[\"https:\\\/\\\/vantagepoint.hu\\\/kapcsolat\\\/\"]}]},{\"@type\":\"ImageObject\",\"inLanguage\":\"en-GB\",\"@id\":\"https:\\\/\\\/vantagepoint.hu\\\/kapcsolat\\\/#primaryimage\",\"url\":\"https:\\\/\\\/vantagepoint.hu\\\/wp-content\\\/uploads\\\/2024\\\/07\\\/fej-rolunk.webp\",\"contentUrl\":\"https:\\\/\\\/vantagepoint.hu\\\/wp-content\\\/uploads\\\/2024\\\/07\\\/fej-rolunk.webp\"},{\"@type\":\"BreadcrumbList\",\"@id\":\"https:\\\/\\\/vantagepoint.hu\\\/kapcsolat\\\/#breadcrumb\",\"itemListElement\":[{\"@type\":\"ListItem\",\"position\":1,\"name\":\"Home\",\"item\":\"https:\\\/\\\/vantagepoint.hu\\\/\"},{\"@type\":\"ListItem\",\"position\":2,\"name\":\"KAPCSOLAT\"}]},{\"@type\":\"WebSite\",\"@id\":\"https:\\\/\\\/vantagepoint.hu\\\/#website\",\"url\":\"https:\\\/\\\/vantagepoint.hu\\\/\",\"name\":\"Vantage Point\",\"description\":\"\",\"publisher\":{\"@id\":\"https:\\\/\\\/vantagepoint.hu\\\/#organization\"},\"potentialAction\":[{\"@type\":\"SearchAction\",\"target\":{\"@type\":\"EntryPoint\",\"urlTemplate\":\"https:\\\/\\\/vantagepoint.hu\\\/?s={search_term_string}\"},\"query-input\":{\"@type\":\"PropertyValueSpecification\",\"valueRequired\":true,\"valueName\":\"search_term_string\"}}],\"inLanguage\":\"en-GB\"},{\"@type\":\"Organization\",\"@id\":\"https:\\\/\\\/vantagepoint.hu\\\/#organization\",\"name\":\"Vantage Point\",\"url\":\"https:\\\/\\\/vantagepoint.hu\\\/\",\"logo\":{\"@type\":\"ImageObject\",\"inLanguage\":\"en-GB\",\"@id\":\"https:\\\/\\\/vantagepoint.hu\\\/#\\\/schema\\\/logo\\\/image\\\/\",\"url\":\"https:\\\/\\\/vantagepoint.hu\\\/wp-content\\\/uploads\\\/2025\\\/01\\\/Vantage_Point_logo_green-515x515-1.png\",\"contentUrl\":\"https:\\\/\\\/vantagepoint.hu\\\/wp-content\\\/uploads\\\/2025\\\/01\\\/Vantage_Point_logo_green-515x515-1.png\",\"width\":515,\"height\":515,\"caption\":\"Vantage Point\"},\"image\":{\"@id\":\"https:\\\/\\\/vantagepoint.hu\\\/#\\\/schema\\\/logo\\\/image\\\/\"}}]}<\/script>\n<!-- \/ Yoast SEO plugin. -->","yoast_head_json":{"title":"L\u00e9pjen vel\u00fcnk kapcsolatba!","description":"T\u00f6ltse ki kapcsolatfelv\u00e9teli \u0171rlapunkat vagy h\u00edvjon benn\u00fcnket a +36 30 230 1289-as telefonsz\u00e1mon! - ESG tan\u00e1csad\u00e1s, fenntarthat\u00f3s\u00e1g.","robots":{"index":"index","follow":"follow","max-snippet":"max-snippet:-1","max-image-preview":"max-image-preview:large","max-video-preview":"max-video-preview:-1"},"canonical":"https:\/\/vantagepoint.hu\/en\/kapcsolat\/","og_locale":"en_GB","og_type":"article","og_title":"L\u00e9pjen vel\u00fcnk kapcsolatba!","og_description":"T\u00f6ltse ki kapcsolatfelv\u00e9teli \u0171rlapunkat vagy h\u00edvjon benn\u00fcnket a +36 30 230 1289-as telefonsz\u00e1mon! - ESG tan\u00e1csad\u00e1s, fenntarthat\u00f3s\u00e1g.","og_url":"https:\/\/vantagepoint.hu\/en\/kapcsolat\/","og_site_name":"Vantage Point","article_modified_time":"2025-01-13T10:33:50+00:00","og_image":[{"width":1920,"height":394,"url":"https:\/\/vantagepoint.hu\/wp-content\/uploads\/2024\/07\/fej-rolunk.webp","type":"image\/webp"}],"twitter_card":"summary_large_image","twitter_misc":{"Estimated reading time":"1 minute"},"schema":{"@context":"https:\/\/schema.org","@graph":[{"@type":"WebPage","@id":"https:\/\/vantagepoint.hu\/kapcsolat\/","url":"https:\/\/vantagepoint.hu\/kapcsolat\/","name":"L\u00e9pjen vel\u00fcnk kapcsolatba!","isPartOf":{"@id":"https:\/\/vantagepoint.hu\/#website"},"primaryImageOfPage":{"@id":"https:\/\/vantagepoint.hu\/kapcsolat\/#primaryimage"},"image":{"@id":"https:\/\/vantagepoint.hu\/kapcsolat\/#primaryimage"},"thumbnailUrl":"https:\/\/vantagepoint.hu\/wp-content\/uploads\/2024\/07\/fej-rolunk.webp","datePublished":"2024-07-23T20:08:17+00:00","dateModified":"2025-01-13T10:33:50+00:00","description":"T\u00f6ltse ki kapcsolatfelv\u00e9teli \u0171rlapunkat vagy h\u00edvjon benn\u00fcnket a +36 30 230 1289-as telefonsz\u00e1mon! - ESG tan\u00e1csad\u00e1s, fenntarthat\u00f3s\u00e1g.","breadcrumb":{"@id":"https:\/\/vantagepoint.hu\/kapcsolat\/#breadcrumb"},"inLanguage":"en-GB","potentialAction":[{"@type":"ReadAction","target":["https:\/\/vantagepoint.hu\/kapcsolat\/"]}]},{"@type":"ImageObject","inLanguage":"en-GB","@id":"https:\/\/vantagepoint.hu\/kapcsolat\/#primaryimage","url":"https:\/\/vantagepoint.hu\/wp-content\/uploads\/2024\/07\/fej-rolunk.webp","contentUrl":"https:\/\/vantagepoint.hu\/wp-content\/uploads\/2024\/07\/fej-rolunk.webp"},{"@type":"BreadcrumbList","@id":"https:\/\/vantagepoint.hu\/kapcsolat\/#breadcrumb","itemListElement":[{"@type":"ListItem","position":1,"name":"Home","item":"https:\/\/vantagepoint.hu\/"},{"@type":"ListItem","position":2,"name":"KAPCSOLAT"}]},{"@type":"WebSite","@id":"https:\/\/vantagepoint.hu\/#website","url":"https:\/\/vantagepoint.hu\/","name":"Vantage Point","description":"","publisher":{"@id":"https:\/\/vantagepoint.hu\/#organization"},"potentialAction":[{"@type":"SearchAction","target":{"@type":"EntryPoint","urlTemplate":"https:\/\/vantagepoint.hu\/?s={search_term_string}"},"query-input":{"@type":"PropertyValueSpecification","valueRequired":true,"valueName":"search_term_string"}}],"inLanguage":"en-GB"},{"@type":"Organization","@id":"https:\/\/vantagepoint.hu\/#organization","name":"Vantage Point","url":"https:\/\/vantagepoint.hu\/","logo":{"@type":"ImageObject","inLanguage":"en-GB","@id":"https:\/\/vantagepoint.hu\/#\/schema\/logo\/image\/","url":"https:\/\/vantagepoint.hu\/wp-content\/uploads\/2025\/01\/Vantage_Point_logo_green-515x515-1.png","contentUrl":"https:\/\/vantagepoint.hu\/wp-content\/uploads\/2025\/01\/Vantage_Point_logo_green-515x515-1.png","width":515,"height":515,"caption":"Vantage Point"},"image":{"@id":"https:\/\/vantagepoint.hu\/#\/schema\/logo\/image\/"}}]}},"_links":{"self":[{"href":"https:\/\/vantagepoint.hu\/en\/wp-json\/wp\/v2\/pages\/27","targetHints":{"allow":["GET"]}}],"collection":[{"href":"https:\/\/vantagepoint.hu\/en\/wp-json\/wp\/v2\/pages"}],"about":[{"href":"https:\/\/vantagepoint.hu\/en\/wp-json\/wp\/v2\/types\/page"}],"author":[{"embeddable":true,"href":"https:\/\/vantagepoint.hu\/en\/wp-json\/wp\/v2\/users\/1"}],"replies":[{"embeddable":true,"href":"https:\/\/vantagepoint.hu\/en\/wp-json\/wp\/v2\/comments?post=27"}],"version-history":[{"count":1,"href":"https:\/\/vantagepoint.hu\/en\/wp-json\/wp\/v2\/pages\/27\/revisions"}],"predecessor-version":[{"id":1230,"href":"https:\/\/vantagepoint.hu\/en\/wp-json\/wp\/v2\/pages\/27\/revisions\/1230"}],"wp:attachment":[{"href":"https:\/\/vantagepoint.hu\/en\/wp-json\/wp\/v2\/media?parent=27"}],"curies":[{"name":"wp","href":"https:\/\/api.w.org\/{rel}","templated":true}]}}