{"id":13,"date":"2024-07-20T18:17:13","date_gmt":"2024-07-20T18:17:13","guid":{"rendered":"https:\/\/vantagepoint.hu\/?page_id=13"},"modified":"2025-01-14T20:46:48","modified_gmt":"2025-01-14T20:46:48","slug":"fenntarthatosag-esg-szolgaltatasok","status":"publish","type":"page","link":"https:\/\/vantagepoint.hu\/en\/fenntarthatosag-esg-szolgaltatasok\/","title":{"rendered":"SZOLG\u00c1LTAT\u00c1SOK"},"content":{"rendered":"","protected":false},"excerpt":{"rendered":"","protected":false},"author":1,"featured_media":0,"parent":0,"menu_order":0,"comment_status":"closed","ping_status":"closed","template":"","meta":{"inline_featured_image":false,"footnotes":""},"class_list":["post-13","page","type-page","status-publish","hentry"],"yoast_head":"<!-- This site is optimized with the Yoast SEO plugin v27.5 - https:\/\/yoast.com\/product\/yoast-seo-wordpress\/ -->\n<title>A Vantage Point fenntarthat\u00f3s\u00e1gi \u00e9s ESG szolg\u00e1ltat\u00e1sai<\/title>\n<meta name=\"description\" content=\"EcoVadis min\u0151s\u00edt\u00e9s, ESG \u00e9s fenntarthat\u00f3s\u00e1gi compliance, ESRS\/CSRD, ESG besz\u00e1mol\u00f3, SDG megfelel\u00e9s, fenntarthat\u00f3s\u00e1gi jelent\u00e9s \u00edr\u00e1s.\" \/>\n<meta name=\"robots\" content=\"index, follow, max-snippet:-1, max-image-preview:large, max-video-preview:-1\" \/>\n<link rel=\"canonical\" href=\"https:\/\/vantagepoint.hu\/en\/fenntarthatosag-esg-szolgaltatasok\/\" \/>\n<meta property=\"og:locale\" content=\"en_GB\" \/>\n<meta property=\"og:type\" content=\"article\" \/>\n<meta property=\"og:title\" content=\"A Vantage Point fenntarthat\u00f3s\u00e1gi \u00e9s ESG szolg\u00e1ltat\u00e1sai\" \/>\n<meta property=\"og:description\" content=\"EcoVadis min\u0151s\u00edt\u00e9s, ESG \u00e9s fenntarthat\u00f3s\u00e1gi compliance, ESRS\/CSRD, ESG besz\u00e1mol\u00f3, SDG megfelel\u00e9s, fenntarthat\u00f3s\u00e1gi jelent\u00e9s \u00edr\u00e1s.\" \/>\n<meta property=\"og:url\" content=\"https:\/\/vantagepoint.hu\/en\/fenntarthatosag-esg-szolgaltatasok\/\" \/>\n<meta property=\"og:site_name\" content=\"Vantage Point\" \/>\n<meta property=\"article:modified_time\" content=\"2025-01-14T20:46:48+00:00\" \/>\n<meta property=\"og:image\" content=\"https:\/\/vantagepoint.hu\/wp-content\/uploads\/2025\/01\/Vantage_Point_logo_green-inverse-1920x1080-1.jpg\" \/>\n\t<meta property=\"og:image:width\" content=\"1920\" \/>\n\t<meta property=\"og:image:height\" content=\"1080\" \/>\n\t<meta property=\"og:image:type\" content=\"image\/jpeg\" \/>\n<meta name=\"twitter:card\" content=\"summary_large_image\" \/>\n<script type=\"application\/ld+json\" class=\"yoast-schema-graph\">{\"@context\":\"https:\\\/\\\/schema.org\",\"@graph\":[{\"@type\":\"WebPage\",\"@id\":\"https:\\\/\\\/vantagepoint.hu\\\/fenntarthatosag-esg-szolgaltatasok\\\/\",\"url\":\"https:\\\/\\\/vantagepoint.hu\\\/fenntarthatosag-esg-szolgaltatasok\\\/\",\"name\":\"A Vantage Point fenntarthat\u00f3s\u00e1gi \u00e9s ESG szolg\u00e1ltat\u00e1sai\",\"isPartOf\":{\"@id\":\"https:\\\/\\\/vantagepoint.hu\\\/#website\"},\"datePublished\":\"2024-07-20T18:17:13+00:00\",\"dateModified\":\"2025-01-14T20:46:48+00:00\",\"description\":\"EcoVadis min\u0151s\u00edt\u00e9s, ESG \u00e9s fenntarthat\u00f3s\u00e1gi compliance, ESRS\\\/CSRD, ESG besz\u00e1mol\u00f3, SDG megfelel\u00e9s, fenntarthat\u00f3s\u00e1gi jelent\u00e9s \u00edr\u00e1s.\",\"breadcrumb\":{\"@id\":\"https:\\\/\\\/vantagepoint.hu\\\/fenntarthatosag-esg-szolgaltatasok\\\/#breadcrumb\"},\"inLanguage\":\"en-GB\",\"potentialAction\":[{\"@type\":\"ReadAction\",\"target\":[\"https:\\\/\\\/vantagepoint.hu\\\/fenntarthatosag-esg-szolgaltatasok\\\/\"]}]},{\"@type\":\"BreadcrumbList\",\"@id\":\"https:\\\/\\\/vantagepoint.hu\\\/fenntarthatosag-esg-szolgaltatasok\\\/#breadcrumb\",\"itemListElement\":[{\"@type\":\"ListItem\",\"position\":1,\"name\":\"Home\",\"item\":\"https:\\\/\\\/vantagepoint.hu\\\/\"},{\"@type\":\"ListItem\",\"position\":2,\"name\":\"SZOLG\u00c1LTAT\u00c1SOK\"}]},{\"@type\":\"WebSite\",\"@id\":\"https:\\\/\\\/vantagepoint.hu\\\/#website\",\"url\":\"https:\\\/\\\/vantagepoint.hu\\\/\",\"name\":\"Vantage Point\",\"description\":\"\",\"publisher\":{\"@id\":\"https:\\\/\\\/vantagepoint.hu\\\/#organization\"},\"potentialAction\":[{\"@type\":\"SearchAction\",\"target\":{\"@type\":\"EntryPoint\",\"urlTemplate\":\"https:\\\/\\\/vantagepoint.hu\\\/?s={search_term_string}\"},\"query-input\":{\"@type\":\"PropertyValueSpecification\",\"valueRequired\":true,\"valueName\":\"search_term_string\"}}],\"inLanguage\":\"en-GB\"},{\"@type\":\"Organization\",\"@id\":\"https:\\\/\\\/vantagepoint.hu\\\/#organization\",\"name\":\"Vantage Point\",\"url\":\"https:\\\/\\\/vantagepoint.hu\\\/\",\"logo\":{\"@type\":\"ImageObject\",\"inLanguage\":\"en-GB\",\"@id\":\"https:\\\/\\\/vantagepoint.hu\\\/#\\\/schema\\\/logo\\\/image\\\/\",\"url\":\"https:\\\/\\\/vantagepoint.hu\\\/wp-content\\\/uploads\\\/2025\\\/01\\\/Vantage_Point_logo_green-515x515-1.png\",\"contentUrl\":\"https:\\\/\\\/vantagepoint.hu\\\/wp-content\\\/uploads\\\/2025\\\/01\\\/Vantage_Point_logo_green-515x515-1.png\",\"width\":515,\"height\":515,\"caption\":\"Vantage Point\"},\"image\":{\"@id\":\"https:\\\/\\\/vantagepoint.hu\\\/#\\\/schema\\\/logo\\\/image\\\/\"}}]}<\/script>\n<!-- \/ Yoast SEO plugin. -->","yoast_head_json":{"title":"A Vantage Point fenntarthat\u00f3s\u00e1gi \u00e9s ESG szolg\u00e1ltat\u00e1sai","description":"EcoVadis min\u0151s\u00edt\u00e9s, ESG \u00e9s fenntarthat\u00f3s\u00e1gi compliance, ESRS\/CSRD, ESG besz\u00e1mol\u00f3, SDG megfelel\u00e9s, fenntarthat\u00f3s\u00e1gi jelent\u00e9s \u00edr\u00e1s.","robots":{"index":"index","follow":"follow","max-snippet":"max-snippet:-1","max-image-preview":"max-image-preview:large","max-video-preview":"max-video-preview:-1"},"canonical":"https:\/\/vantagepoint.hu\/en\/fenntarthatosag-esg-szolgaltatasok\/","og_locale":"en_GB","og_type":"article","og_title":"A Vantage Point fenntarthat\u00f3s\u00e1gi \u00e9s ESG szolg\u00e1ltat\u00e1sai","og_description":"EcoVadis min\u0151s\u00edt\u00e9s, ESG \u00e9s fenntarthat\u00f3s\u00e1gi compliance, ESRS\/CSRD, ESG besz\u00e1mol\u00f3, SDG megfelel\u00e9s, fenntarthat\u00f3s\u00e1gi jelent\u00e9s \u00edr\u00e1s.","og_url":"https:\/\/vantagepoint.hu\/en\/fenntarthatosag-esg-szolgaltatasok\/","og_site_name":"Vantage Point","article_modified_time":"2025-01-14T20:46:48+00:00","og_image":[{"width":1920,"height":1080,"url":"https:\/\/vantagepoint.hu\/wp-content\/uploads\/2025\/01\/Vantage_Point_logo_green-inverse-1920x1080-1.jpg","type":"image\/jpeg"}],"twitter_card":"summary_large_image","schema":{"@context":"https:\/\/schema.org","@graph":[{"@type":"WebPage","@id":"https:\/\/vantagepoint.hu\/fenntarthatosag-esg-szolgaltatasok\/","url":"https:\/\/vantagepoint.hu\/fenntarthatosag-esg-szolgaltatasok\/","name":"A Vantage Point fenntarthat\u00f3s\u00e1gi \u00e9s ESG szolg\u00e1ltat\u00e1sai","isPartOf":{"@id":"https:\/\/vantagepoint.hu\/#website"},"datePublished":"2024-07-20T18:17:13+00:00","dateModified":"2025-01-14T20:46:48+00:00","description":"EcoVadis min\u0151s\u00edt\u00e9s, ESG \u00e9s fenntarthat\u00f3s\u00e1gi compliance, ESRS\/CSRD, ESG besz\u00e1mol\u00f3, SDG megfelel\u00e9s, fenntarthat\u00f3s\u00e1gi jelent\u00e9s \u00edr\u00e1s.","breadcrumb":{"@id":"https:\/\/vantagepoint.hu\/fenntarthatosag-esg-szolgaltatasok\/#breadcrumb"},"inLanguage":"en-GB","potentialAction":[{"@type":"ReadAction","target":["https:\/\/vantagepoint.hu\/fenntarthatosag-esg-szolgaltatasok\/"]}]},{"@type":"BreadcrumbList","@id":"https:\/\/vantagepoint.hu\/fenntarthatosag-esg-szolgaltatasok\/#breadcrumb","itemListElement":[{"@type":"ListItem","position":1,"name":"Home","item":"https:\/\/vantagepoint.hu\/"},{"@type":"ListItem","position":2,"name":"SZOLG\u00c1LTAT\u00c1SOK"}]},{"@type":"WebSite","@id":"https:\/\/vantagepoint.hu\/#website","url":"https:\/\/vantagepoint.hu\/","name":"Vantage Point","description":"","publisher":{"@id":"https:\/\/vantagepoint.hu\/#organization"},"potentialAction":[{"@type":"SearchAction","target":{"@type":"EntryPoint","urlTemplate":"https:\/\/vantagepoint.hu\/?s={search_term_string}"},"query-input":{"@type":"PropertyValueSpecification","valueRequired":true,"valueName":"search_term_string"}}],"inLanguage":"en-GB"},{"@type":"Organization","@id":"https:\/\/vantagepoint.hu\/#organization","name":"Vantage Point","url":"https:\/\/vantagepoint.hu\/","logo":{"@type":"ImageObject","inLanguage":"en-GB","@id":"https:\/\/vantagepoint.hu\/#\/schema\/logo\/image\/","url":"https:\/\/vantagepoint.hu\/wp-content\/uploads\/2025\/01\/Vantage_Point_logo_green-515x515-1.png","contentUrl":"https:\/\/vantagepoint.hu\/wp-content\/uploads\/2025\/01\/Vantage_Point_logo_green-515x515-1.png","width":515,"height":515,"caption":"Vantage Point"},"image":{"@id":"https:\/\/vantagepoint.hu\/#\/schema\/logo\/image\/"}}]}},"_links":{"self":[{"href":"https:\/\/vantagepoint.hu\/en\/wp-json\/wp\/v2\/pages\/13","targetHints":{"allow":["GET"]}}],"collection":[{"href":"https:\/\/vantagepoint.hu\/en\/wp-json\/wp\/v2\/pages"}],"about":[{"href":"https:\/\/vantagepoint.hu\/en\/wp-json\/wp\/v2\/types\/page"}],"author":[{"embeddable":true,"href":"https:\/\/vantagepoint.hu\/en\/wp-json\/wp\/v2\/users\/1"}],"replies":[{"embeddable":true,"href":"https:\/\/vantagepoint.hu\/en\/wp-json\/wp\/v2\/comments?post=13"}],"version-history":[{"count":4,"href":"https:\/\/vantagepoint.hu\/en\/wp-json\/wp\/v2\/pages\/13\/revisions"}],"predecessor-version":[{"id":919,"href":"https:\/\/vantagepoint.hu\/en\/wp-json\/wp\/v2\/pages\/13\/revisions\/919"}],"wp:attachment":[{"href":"https:\/\/vantagepoint.hu\/en\/wp-json\/wp\/v2\/media?parent=13"}],"curies":[{"name":"wp","href":"https:\/\/api.w.org\/{rel}","templated":true}]}}